{"id":88,"date":"2016-05-09T14:21:27","date_gmt":"2016-05-09T14:21:27","guid":{"rendered":"http:\/\/inmediaserver.local\/inyachts\/?page_id=88"},"modified":"2025-04-15T10:27:37","modified_gmt":"2025-04-15T08:27:37","slug":"yacht-boat-rental-charter-ibiza","status":"publish","type":"page","link":"https:\/\/inyachtsibiza.com\/de\/yacht-boat-rental-charter-ibiza\/","title":{"rendered":"Ibiza Boat Charter"},"content":{"rendered":"<p>Wir bei InYachts Ibiza glauben fest daran, dass das was im Leben wirklich von Bedeutung ist, sind sch\u00f6ne Momente mit Freuenden und Familie, die man nicht mehr vergisst. Diese Momente, die positive Verbindung erschaffen oder sie st\u00e4rken und uns gut f\u00fchlen lassen!<\/p>\n<p>&nbsp;<\/p>\n<p>InYachts Ibiza bietet Ihnen eine gro\u00dfe Auswahl von kleinen Sportbooten bis hin zu luxuri\u00f6sen Yachten und alle Gr\u00f6\u00dfen dazwischen, damit Sie Ihren in Erinnerung bleibenden Moment auf dem Wasser in Ihre Geschichte \u201eIch hatte den besten Sommer auf Ibiza\u201c erschaffen k\u00f6nnen.<\/p>\n<p>Wir helfen Ihnen bei allen Extras, die Sie sich vorstellen k\u00f6nnen, um das beste aus dem Tag herausholen zu k\u00f6nnen. M\u00f6chten Sie in einem der Strand-Restaurants in Formentera Mittagessen? Bevorzugen Sie ein Pick-Nick an Bord? Wir k\u00fcmmern uns darum, dass Sie alles haben, was Sie brauchen, damit Sie das Paradies, das Ibiza umgibt vollkommen genie\u00dfen k\u00f6nnen.<\/p>\n<p>Wir lieben es drau\u00dfen auf dem Wasser zu sein, den Sonnenuntergang zu bestaunen, Salz auf den Lippen zu schmecken, ein sanftes L\u00fcftchen auf unserer Haut zu sp\u00fcren, Sie auch?<\/p>","protected":false},"excerpt":{"rendered":"<p>Wir bei InYachts Ibiza glauben fest daran, dass das was im Leben wirklich von Bedeutung ist, sind sch\u00f6ne Momente mit Freuenden und Familie, die man nicht mehr vergisst. Diese Momente,<\/p>\n<p><a class=\"read-more\" href=\"https:\/\/inyachtsibiza.com\/de\/yacht-boat-rental-charter-ibiza\/\">Read more \u00bb<\/a><\/p>\n","protected":false},"author":1,"featured_media":182,"parent":0,"menu_order":0,"comment_status":"closed","ping_status":"closed","template":"page-templates\/page-charter.php","meta":{"footnotes":""},"class_list":["post-88","page","type-page","status-publish","has-post-thumbnail","hentry"],"acf":[],"_links":{"self":[{"href":"https:\/\/inyachtsibiza.com\/de\/wp-json\/wp\/v2\/pages\/88","targetHints":{"allow":["GET"]}}],"collection":[{"href":"https:\/\/inyachtsibiza.com\/de\/wp-json\/wp\/v2\/pages"}],"about":[{"href":"https:\/\/inyachtsibiza.com\/de\/wp-json\/wp\/v2\/types\/page"}],"author":[{"embeddable":true,"href":"https:\/\/inyachtsibiza.com\/de\/wp-json\/wp\/v2\/users\/1"}],"replies":[{"embeddable":true,"href":"https:\/\/inyachtsibiza.com\/de\/wp-json\/wp\/v2\/comments?post=88"}],"version-history":[{"count":16,"href":"https:\/\/inyachtsibiza.com\/de\/wp-json\/wp\/v2\/pages\/88\/revisions"}],"predecessor-version":[{"id":2882,"href":"https:\/\/inyachtsibiza.com\/de\/wp-json\/wp\/v2\/pages\/88\/revisions\/2882"}],"wp:featuredmedia":[{"embeddable":true,"href":"https:\/\/inyachtsibiza.com\/de\/wp-json\/wp\/v2\/media\/182"}],"wp:attachment":[{"href":"https:\/\/inyachtsibiza.com\/de\/wp-json\/wp\/v2\/media?parent=88"}],"curies":[{"name":"wp","href":"https:\/\/api.w.org\/{rel}","templated":true}]}}