{"id":503,"date":"2020-05-10T12:01:27","date_gmt":"2020-05-10T10:01:27","guid":{"rendered":"http:\/\/inmediaserver.local\/inyachts\/sample-page-copy\/"},"modified":"2024-03-26T13:43:16","modified_gmt":"2024-03-26T12:43:16","slug":"ibiza-yachts-ibiza-boat-charter","status":"publish","type":"page","link":"https:\/\/inyachtsibiza.com\/es\/","title":{"rendered":"Tu experto en Alquiler de barcos, Compraventa y Mantenimiento de Yates"},"content":{"rendered":"<p><\/p>\n<p style=\"text-align: left;\"><b>Bienvenidos a una nueva temporada aqu\u00ed en Ibiza y que sea lleno de momentos inolvidables!<\/b><\/p>\n<p style=\"text-align: left;\">Nosotras en In Yachts Ibiza somos una empresa liderada por mujeres y es as\u00ed de que cuidar por nuestros clientes viene de forma natural de nosotras. Nuestro enfoque principal basa en ti\u00a0 y en tus experiencias positivas que llevaras contigo transformados en memorias inolvidables.<\/p>\n<p style=\"text-align: left;\">Si quiere podemos ser los asistentes personales para tu barco y llevaremos cualquier aspecto de tu navegaci\u00f3n en el mar mediterr\u00e1neo,\u00a0 ayud\u00e1ndote que todo sea lo m\u00e1s f\u00e1cil posible para ti y una experiencia agradable.<\/p>\n<p style=\"text-align: left;\">Para los que am\u00e1is el mar pero no ten\u00e9is ( todav\u00eda) un barco propio, nos encantar\u00eda ser vuestro Event-Manager en conjunto de Charter en Ibiza.\u00a0 D\u00e9jenos modelar un d\u00eda perfecto con uno de <a href=\"https:\/\/141.95.35.115\/~inyachtsibiza\/yacht-boat-rental-charter-ibiza\/\">nuestros barcos de alquiler<\/a>\u00a0 para vosotros y a\u00f1adir un servicio como Catering o una serie de posibles juguetes acu\u00e1ticos. Tambien creamos una ruta en barco en conjunto de vuestros deseos, sea de un viaje a Formentera y la famosa Playa de Illetas, o pasar e dia en una cala m\u00e1s escondida en el Norte de la isla de Ibiza.<\/p>\n<p style=\"text-align: left;\">\u00a1Esperamos veros pronto!<\/p>\n<p><\/p>","protected":false},"excerpt":{"rendered":"<p>Bienvenidos a una nueva temporada aqu\u00ed en Ibiza y que sea lleno de momentos inolvidables! Nosotras en In Yachts Ibiza somos una empresa liderada por mujeres y es as\u00ed de<\/p>\n<p><a class=\"read-more\" href=\"https:\/\/inyachtsibiza.com\/es\/\">Read more \u00bb<\/a><\/p>\n","protected":false},"author":1,"featured_media":265,"parent":0,"menu_order":-999,"comment_status":"closed","ping_status":"closed","template":"page-templates\/page-home.php","meta":{"footnotes":""},"class_list":["post-503","page","type-page","status-publish","has-post-thumbnail","hentry"],"acf":[],"_links":{"self":[{"href":"https:\/\/inyachtsibiza.com\/es\/wp-json\/wp\/v2\/pages\/503","targetHints":{"allow":["GET"]}}],"collection":[{"href":"https:\/\/inyachtsibiza.com\/es\/wp-json\/wp\/v2\/pages"}],"about":[{"href":"https:\/\/inyachtsibiza.com\/es\/wp-json\/wp\/v2\/types\/page"}],"author":[{"embeddable":true,"href":"https:\/\/inyachtsibiza.com\/es\/wp-json\/wp\/v2\/users\/1"}],"replies":[{"embeddable":true,"href":"https:\/\/inyachtsibiza.com\/es\/wp-json\/wp\/v2\/comments?post=503"}],"version-history":[{"count":41,"href":"https:\/\/inyachtsibiza.com\/es\/wp-json\/wp\/v2\/pages\/503\/revisions"}],"predecessor-version":[{"id":2784,"href":"https:\/\/inyachtsibiza.com\/es\/wp-json\/wp\/v2\/pages\/503\/revisions\/2784"}],"wp:featuredmedia":[{"embeddable":true,"href":"https:\/\/inyachtsibiza.com\/es\/wp-json\/wp\/v2\/media\/265"}],"wp:attachment":[{"href":"https:\/\/inyachtsibiza.com\/es\/wp-json\/wp\/v2\/media?parent=503"}],"curies":[{"name":"wp","href":"https:\/\/api.w.org\/{rel}","templated":true}]}}