{"id":80,"date":"2016-05-09T14:20:54","date_gmt":"2016-05-09T14:20:54","guid":{"rendered":"http:\/\/inmediaserver.local\/inyachts\/?page_id=80"},"modified":"2023-09-08T14:05:08","modified_gmt":"2023-09-08T12:05:08","slug":"about-us","status":"publish","type":"page","link":"https:\/\/inyachtsibiza.com\/es\/about-us\/","title":{"rendered":"Sobre InYachts"},"content":{"rendered":"<p>INYachts Ibiza es una empresa muy joven, pero con una larga historia y a\u00f1os de experiencia en el mundo de los barcos.<\/p>\n<p>Alma Schmid-Charv\u00e1t es la fundadora de INYachts Ibiza, contando con 23 a\u00f1os de experiencia habiendo sido el distribuidor de la marca de yates Fairline para Ibiza y Formentera desde el a\u00f1o 2000 hasta Oto\u00f1o 2023.<\/p>\n<p>INYachts Ibiza combina el bonito punto de venta y servicio de AXOPAR con un excelente servicio y cuidado para sus barcos, ventas, alquiler de yates y experiencia en navegaci\u00f3n.<\/p>\n<p>INYachts es una empresa peque\u00f1a con una flota de barcos de alquiler limitado intencional.<\/p>\n<p>La mayor\u00eda de nuestros clientes oyen hablar de nosotros de boca en boca, o son clientes de INYachts desde hace muchos a\u00f1os que repiten sus experiencias inolvidables en el mar con nosotros.<\/p>\n<p>Insistimos en un servicio altamente personalizado y muchos de nuestros clientes se sorprenden al descubrir que una \u00abpeque\u00f1a\u00bb empresa ofrece facilidades en organizarles una salida espectacular.<\/p>","protected":false},"excerpt":{"rendered":"<p>INYachts Ibiza es una empresa muy joven, pero con una larga historia y a\u00f1os de experiencia en el mundo de los barcos. Alma Schmid-Charv\u00e1t es la fundadora de INYachts Ibiza,<\/p>\n<p><a class=\"read-more\" href=\"https:\/\/inyachtsibiza.com\/es\/about-us\/\">Read more \u00bb<\/a><\/p>\n","protected":false},"author":1,"featured_media":881,"parent":0,"menu_order":1,"comment_status":"closed","ping_status":"closed","template":"page-templates\/page-about.php","meta":{"footnotes":""},"class_list":["post-80","page","type-page","status-publish","has-post-thumbnail","hentry"],"acf":[],"_links":{"self":[{"href":"https:\/\/inyachtsibiza.com\/es\/wp-json\/wp\/v2\/pages\/80","targetHints":{"allow":["GET"]}}],"collection":[{"href":"https:\/\/inyachtsibiza.com\/es\/wp-json\/wp\/v2\/pages"}],"about":[{"href":"https:\/\/inyachtsibiza.com\/es\/wp-json\/wp\/v2\/types\/page"}],"author":[{"embeddable":true,"href":"https:\/\/inyachtsibiza.com\/es\/wp-json\/wp\/v2\/users\/1"}],"replies":[{"embeddable":true,"href":"https:\/\/inyachtsibiza.com\/es\/wp-json\/wp\/v2\/comments?post=80"}],"version-history":[{"count":16,"href":"https:\/\/inyachtsibiza.com\/es\/wp-json\/wp\/v2\/pages\/80\/revisions"}],"predecessor-version":[{"id":2794,"href":"https:\/\/inyachtsibiza.com\/es\/wp-json\/wp\/v2\/pages\/80\/revisions\/2794"}],"wp:featuredmedia":[{"embeddable":true,"href":"https:\/\/inyachtsibiza.com\/es\/wp-json\/wp\/v2\/media\/881"}],"wp:attachment":[{"href":"https:\/\/inyachtsibiza.com\/es\/wp-json\/wp\/v2\/media?parent=80"}],"curies":[{"name":"wp","href":"https:\/\/api.w.org\/{rel}","templated":true}]}}