{"id":84,"date":"2016-05-09T14:21:13","date_gmt":"2016-05-09T14:21:13","guid":{"rendered":"http:\/\/inmediaserver.local\/inyachts\/?page_id=84"},"modified":"2024-04-26T14:11:40","modified_gmt":"2024-04-26T12:11:40","slug":"pre-owned-boats","status":"publish","type":"page","link":"https:\/\/inyachtsibiza.com\/es\/pre-owned-boats\/","title":{"rendered":"Barcos usados en venta"},"content":{"rendered":"<p>In Yachts Ibiza ofrece un Servicio Completo:<\/p>\n<p>Nosotras les vamos a ayudar de conocer sus necesidades en un barco y vamos a evaluar sus deseos y los indiscutibles ( \u00bfCu\u00e1ntas personas van a bordo? \u00bfQu\u00e9 planes tiene con el barco? \u00bfSer\u00e1 un uso de solo por el d\u00eda? \u00bfVan a querer hacer uso nocturno? )<\/p>\n<p>Nosotras les asistimos en encontrar la mejor opci\u00f3n de barco para usted.<\/p>\n<p>Les acompa\u00f1amos hasta la primera visita del barco, organizar peritajes, controlar y chequear los papeles de la embarcaci\u00f3n y la situaci\u00f3n fiscal y tambi\u00e9n preparamos todo para la entrega final a usted y que usted sea el nuevo armador del barco .<\/p>\n<p>&nbsp;<\/p>\n<p>Inyachts Ibiza\u00b4s dedicaci\u00f3n no termina aqui. Tambi\u00e9n despu\u00e9s de que ha comprado un barco nuevo, estaremos disponible a su lado, brind\u00e1ndole un excelente servicio en el \u00e1mbito de la Nautica.<\/p>\n<p>Haremos todo lo posible que siguen disfrutando su embarcaci\u00f3n al m\u00e1ximo en sus salidas a bordo.<\/p>\n<p>\u00bfC\u00f3mo les podemos ayudar?<\/p>\n<p>&nbsp;<\/p>","protected":false},"excerpt":{"rendered":"<p>In Yachts Ibiza ofrece un Servicio Completo: Nosotras les vamos a ayudar de conocer sus necesidades en un barco y vamos a evaluar sus deseos y los indiscutibles ( \u00bfCu\u00e1ntas<\/p>\n<p><a class=\"read-more\" href=\"https:\/\/inyachtsibiza.com\/es\/pre-owned-boats\/\">Read more \u00bb<\/a><\/p>\n","protected":false},"author":1,"featured_media":2550,"parent":0,"menu_order":0,"comment_status":"closed","ping_status":"closed","template":"page-templates\/page-pre-owned.php","meta":{"footnotes":""},"class_list":["post-84","page","type-page","status-publish","has-post-thumbnail","hentry"],"acf":[],"_links":{"self":[{"href":"https:\/\/inyachtsibiza.com\/es\/wp-json\/wp\/v2\/pages\/84","targetHints":{"allow":["GET"]}}],"collection":[{"href":"https:\/\/inyachtsibiza.com\/es\/wp-json\/wp\/v2\/pages"}],"about":[{"href":"https:\/\/inyachtsibiza.com\/es\/wp-json\/wp\/v2\/types\/page"}],"author":[{"embeddable":true,"href":"https:\/\/inyachtsibiza.com\/es\/wp-json\/wp\/v2\/users\/1"}],"replies":[{"embeddable":true,"href":"https:\/\/inyachtsibiza.com\/es\/wp-json\/wp\/v2\/comments?post=84"}],"version-history":[{"count":28,"href":"https:\/\/inyachtsibiza.com\/es\/wp-json\/wp\/v2\/pages\/84\/revisions"}],"predecessor-version":[{"id":2826,"href":"https:\/\/inyachtsibiza.com\/es\/wp-json\/wp\/v2\/pages\/84\/revisions\/2826"}],"wp:featuredmedia":[{"embeddable":true,"href":"https:\/\/inyachtsibiza.com\/es\/wp-json\/wp\/v2\/media\/2550"}],"wp:attachment":[{"href":"https:\/\/inyachtsibiza.com\/es\/wp-json\/wp\/v2\/media?parent=84"}],"curies":[{"name":"wp","href":"https:\/\/api.w.org\/{rel}","templated":true}]}}