{"id":88,"date":"2016-05-09T14:21:27","date_gmt":"2016-05-09T14:21:27","guid":{"rendered":"http:\/\/inmediaserver.local\/inyachts\/?page_id=88"},"modified":"2025-04-15T10:27:37","modified_gmt":"2025-04-15T08:27:37","slug":"yacht-boat-rental-charter-ibiza","status":"publish","type":"page","link":"https:\/\/inyachtsibiza.com\/es\/yacht-boat-rental-charter-ibiza\/","title":{"rendered":"Ibiza Boat Charter"},"content":{"rendered":"<p>&nbsp;<\/p>\n<p>Nosotros en InYachts Ibiza tenemos la buena fe que lo que realmente importa son los momentos inolvidables con nuestra familia y amigos. Estos momentos que crean conexiones positivas y que nos hacen sentir feliz. InYachts Ibiza te ofrece una selecci\u00f3n de diferente barcos y yates en Ibiza. Desde un barco peque\u00f1o hasta un Yate de lujo y todos los tama\u00f1os de barcos entremedio para poder escribir una nota de d\u00eda precioso y memorable en el mar dentro de tu historia \u201cYo he tenido el mejor tiempo posible\u201d<\/p>\n<p>&nbsp;<\/p>\n<p>\u00bfComo te gustar\u00eda si alguien te modela tu d\u00eda perfecto a medida y ocuparse de la buena organizaci\u00f3n alrededor de la experiencia n\u00e1utica? \u00a0Nosotros estamos encantados de prepararte extras como reservar un restaurante en Formentera, organizar un picnic a bordo, en definitiva, asegurar que tengas todo lo que necesitas para poder disfrutar al m\u00e1ximo nuestro paradiso que nos est\u00e1 rodeando aqu\u00ed en Ibiza.<\/p>\n<p>\u00bfTe estas preguntando porque somos diferentes a otras compa\u00f1\u00edas de yacht charter aqu\u00ed en la isla? Muy F\u00e1cil: No prometemos nada que no podemos hacer \u00a1Somos reales! Para nosotros no solo es nuestro trabajado, si no es nuestra pasi\u00f3n y todos nosotros llevamos a\u00f1os en este entorno del mar. A nosotros nos interesan clientes felices que se convierten en amigos y vuelven a\u00f1o tras a\u00f1o.<\/p>\n<p>\u00a1Nosotros amamos de estar fuera en el mar, mirando la puesta del sol, sabiendo la sal encima los labios, sintiendo una suave brisa en la piel! \u00bfT\u00fa tambi\u00e9n?<\/p>\n<p>&nbsp;<\/p>","protected":false},"excerpt":{"rendered":"<p>&nbsp; Nosotros en InYachts Ibiza tenemos la buena fe que lo que realmente importa son los momentos inolvidables con nuestra familia y amigos. Estos momentos que crean conexiones positivas y<\/p>\n<p><a class=\"read-more\" href=\"https:\/\/inyachtsibiza.com\/es\/yacht-boat-rental-charter-ibiza\/\">Read more \u00bb<\/a><\/p>\n","protected":false},"author":1,"featured_media":182,"parent":0,"menu_order":0,"comment_status":"closed","ping_status":"closed","template":"page-templates\/page-charter.php","meta":{"footnotes":""},"class_list":["post-88","page","type-page","status-publish","has-post-thumbnail","hentry"],"acf":[],"_links":{"self":[{"href":"https:\/\/inyachtsibiza.com\/es\/wp-json\/wp\/v2\/pages\/88","targetHints":{"allow":["GET"]}}],"collection":[{"href":"https:\/\/inyachtsibiza.com\/es\/wp-json\/wp\/v2\/pages"}],"about":[{"href":"https:\/\/inyachtsibiza.com\/es\/wp-json\/wp\/v2\/types\/page"}],"author":[{"embeddable":true,"href":"https:\/\/inyachtsibiza.com\/es\/wp-json\/wp\/v2\/users\/1"}],"replies":[{"embeddable":true,"href":"https:\/\/inyachtsibiza.com\/es\/wp-json\/wp\/v2\/comments?post=88"}],"version-history":[{"count":16,"href":"https:\/\/inyachtsibiza.com\/es\/wp-json\/wp\/v2\/pages\/88\/revisions"}],"predecessor-version":[{"id":2882,"href":"https:\/\/inyachtsibiza.com\/es\/wp-json\/wp\/v2\/pages\/88\/revisions\/2882"}],"wp:featuredmedia":[{"embeddable":true,"href":"https:\/\/inyachtsibiza.com\/es\/wp-json\/wp\/v2\/media\/182"}],"wp:attachment":[{"href":"https:\/\/inyachtsibiza.com\/es\/wp-json\/wp\/v2\/media?parent=88"}],"curies":[{"name":"wp","href":"https:\/\/api.w.org\/{rel}","templated":true}]}}